{"id":1506,"date":"2022-06-24T09:35:27","date_gmt":"2022-06-24T07:35:27","guid":{"rendered":"https:\/\/joederfilm.com\/home\/"},"modified":"2022-12-12T12:37:19","modified_gmt":"2022-12-12T11:37:19","slug":"home","status":"publish","type":"page","link":"https:\/\/joederfilm.com\/it\/","title":{"rendered":"Home"},"content":{"rendered":"\t\t<div data-elementor-type=\"wp-page\" data-elementor-id=\"1506\" class=\"elementor elementor-1506 elementor-921\" data-elementor-post-type=\"page\">\n\t\t\t\t\t\t<section class=\"elementor-section elementor-top-section elementor-element elementor-element-3acde8b elementor-section-height-min-height elementor-section-items-stretch elementor-section-boxed elementor-section-height-default\" data-id=\"3acde8b\" data-element_type=\"section\" data-settings=\"{&quot;background_background&quot;:&quot;classic&quot;}\">\n\t\t\t\t\t\t<div class=\"elementor-container elementor-column-gap-default\">\n\t\t\t\t\t<div class=\"elementor-column elementor-col-100 elementor-top-column elementor-element elementor-element-842e48a\" data-id=\"842e48a\" data-element_type=\"column\" data-settings=\"{&quot;background_background&quot;:&quot;classic&quot;}\">\n\t\t\t<div class=\"elementor-widget-wrap\">\n\t\t\t\t\t\t\t<\/div>\n\t\t<\/div>\n\t\t\t\t\t<\/div>\n\t\t<\/section>\n\t\t\t\t<section class=\"elementor-section elementor-top-section elementor-element elementor-element-bd019d8 elementor-section-boxed elementor-section-height-default elementor-section-height-default\" data-id=\"bd019d8\" data-element_type=\"section\">\n\t\t\t\t\t\t<div class=\"elementor-container elementor-column-gap-default\">\n\t\t\t\t\t<div class=\"elementor-column elementor-col-100 elementor-top-column elementor-element elementor-element-85d3b48\" data-id=\"85d3b48\" data-element_type=\"column\">\n\t\t\t<div class=\"elementor-widget-wrap elementor-element-populated\">\n\t\t\t\t\t\t<div class=\"elementor-element elementor-element-8e6194d elementor-widget__width-auto elementor-widget elementor-widget-heading\" data-id=\"8e6194d\" data-element_type=\"widget\" data-settings=\"{&quot;motion_fx_motion_fx_scrolling&quot;:&quot;yes&quot;,&quot;motion_fx_translateY_effect&quot;:&quot;yes&quot;,&quot;motion_fx_translateY_speed&quot;:{&quot;unit&quot;:&quot;px&quot;,&quot;size&quot;:1,&quot;sizes&quot;:[]},&quot;motion_fx_devices&quot;:[&quot;desktop&quot;,&quot;tablet&quot;],&quot;motion_fx_translateY_affectedRange&quot;:{&quot;unit&quot;:&quot;%&quot;,&quot;size&quot;:&quot;&quot;,&quot;sizes&quot;:{&quot;start&quot;:0,&quot;end&quot;:100}}}\" data-widget_type=\"heading.default\">\n\t\t\t\t<div class=\"elementor-widget-container\">\n\t\t\t\t\t<h1 class=\"elementor-heading-title elementor-size-default\">JOE il Film!<\/h1>\t\t\t\t<\/div>\n\t\t\t\t<\/div>\n\t\t\t\t\t<\/div>\n\t\t<\/div>\n\t\t\t\t\t<\/div>\n\t\t<\/section>\n\t\t\t\t<section class=\"elementor-section elementor-top-section elementor-element elementor-element-e00ec7f elementor-section-boxed elementor-section-height-default elementor-section-height-default\" data-id=\"e00ec7f\" data-element_type=\"section\">\n\t\t\t\t\t\t<div class=\"elementor-container elementor-column-gap-default\">\n\t\t\t\t\t<div class=\"elementor-column elementor-col-100 elementor-top-column elementor-element elementor-element-db59d7d\" data-id=\"db59d7d\" data-element_type=\"column\">\n\t\t\t<div class=\"elementor-widget-wrap elementor-element-populated\">\n\t\t\t\t\t\t<div class=\"elementor-element elementor-element-06b71e7 elementor-widget elementor-widget-heading\" data-id=\"06b71e7\" data-element_type=\"widget\" data-widget_type=\"heading.default\">\n\t\t\t\t<div class=\"elementor-widget-container\">\n\t\t\t\t\t<h2 class=\"elementor-heading-title elementor-size-default\">\"Joe der Film\": il primo film comico altoatesino<\/h2>\t\t\t\t<\/div>\n\t\t\t\t<\/div>\n\t\t\t\t<div class=\"elementor-element elementor-element-ef0c45b elementor-widget elementor-widget-text-editor\" data-id=\"ef0c45b\" data-element_type=\"widget\" data-widget_type=\"text-editor.default\">\n\t\t\t\t<div class=\"elementor-widget-container\">\n\t\t\t\t\t\t\t\t\t<p>Numerosi fan in Alto Adige aspettavano questo momento! Finalmente \u00e8 arrivato il momento: &#8220;Joe von Afing&#8221; va al cinema! Per 24 giorni \u00e8 stato girato il primo lungometraggio comico altoatesino nel maggio 2022, da ottobre pu\u00f2 essere visto sul grande schermo.<\/p>\n\t\t\t\t\t\t\t\t<\/div>\n\t\t\t\t<\/div>\n\t\t\t\t<div class=\"elementor-element elementor-element-777e54a elementor-drop-cap-yes elementor-drop-cap-view-default elementor-widget elementor-widget-text-editor\" data-id=\"777e54a\" data-element_type=\"widget\" data-settings=\"{&quot;drop_cap&quot;:&quot;yes&quot;}\" data-widget_type=\"text-editor.default\">\n\t\t\t\t<div class=\"elementor-widget-container\">\n\t\t\t\t\t\t\t\t\t<p>Il primo film comico altoatesino \u00e8 stato girato in 24 giorni, nel maggio 2022 e da ottobre si pu\u00f2 vedere sul grande schermo. Il lungometraggio &#8220;Joe der Film&#8221; non \u00e8 stato solamente diretto dall&#8217;altoatesino Thomas Hochkofler, ma lo stesso, lo si pu\u00f2 vedere anche in tre ruoli differenti: quello di &#8220;Motschuner Peppm&#8221;, di &#8220;Joe von Afing&#8221; e del mafioso Alfredo. Altri personaggi in primo piano sono quelli interpretati da Lukas Lobis, che vediamo nel ruolo del mafioso Pasquale e di Kevin Kostner. Il cast principale \u00e8 completato dall&#8217;attrice altoatesina Anna Unterberger, che interpreta G\u00e4bbi, la fidanzata di Joe. Il film, della durata di 90 minuti, \u00e8 stato girato a Parcines, San Pancrazio, Sesto, in Val Sarentino, a Bolzano, a Bressanone, a Merano, a Bronzolo, a Egna \u2013 e anche sulla spiaggia della &#8220;Tenuta Primero&#8221; di Grado. Oltre a Thomas Hochkofler e Lukas Lobis, sul grande schermo si danno il cambio numerosi noti attori e attrici altoatesini, come Massimo Cataruzza, Karin Verdorfer, Eva Kuen, Peter Schorn, Robert Palfrader, Margot Mayrhofer, Georg Kaser, Katharina Gschnell e Alexa Brunner. Durante lo svolgimento del film, compaiono anche molti personaggi a sorpresa, tra cui Sepp Messner Windschnur, Max von Milland, DJ Narfos, Buono Memes e Luis Durnwalder.<br \/>\nIl 23 settembre, presso la birreria Forst, si \u00e8 tenuta la prima cinematografica di \u201cJoe der Film\u201d, dopodich\u00e9 \u00e8 iniziato un tour itinerante. Il film, interpretato da Thomas Hochkofler, Anna Unterberger e Lukas Lobis, ha fatto il giro dell&#8217;Alto Adige in pi\u00f9 di 20 serate, e da novembre si pu\u00f2 vedere nelle sale dei cinema.<\/p>\n<h2><strong>Di cosa si tratta?<\/strong><\/h2>\n<p>Due mafiosi (Thomas Hochkofler e Lukas Lobis) vengono inviati in Alto Adige per conquistare la terra dei grembiuli blu, l&#8217;ultima regione italiana non ancora controllata dal clan del potente padrino &#8220;Zio Terenzio&#8221;. In cambio, Alfredo e Pasquale ricevono una borsa piena di soldi. Ma questa borsa assume misteriosamente una vita propria. Joe von Afing non risulta del tutto estraneo a questi eventi. Alfredo e Pasquale partono alla ricerca della loro borsa: l&#8217;inseguimento ha inizio! &#8220;Joe the Movie&#8221; \u00e8 un road movie turbolento con colpi di scena sorprendenti e collegamenti divertenti che coinvolgono allegramente lo spettatore incuriosendolo.<\/p>\n\t\t\t\t\t\t\t\t<\/div>\n\t\t\t\t<\/div>\n\t\t\t\t\t<\/div>\n\t\t<\/div>\n\t\t\t\t\t<\/div>\n\t\t<\/section>\n\t\t\t\t<section class=\"elementor-section elementor-top-section elementor-element elementor-element-afd14d8 elementor-section-boxed elementor-section-height-default elementor-section-height-default\" data-id=\"afd14d8\" data-element_type=\"section\">\n\t\t\t\t\t\t<div class=\"elementor-container elementor-column-gap-default\">\n\t\t\t\t\t<div class=\"elementor-column elementor-col-100 elementor-top-column elementor-element elementor-element-5049504\" data-id=\"5049504\" data-element_type=\"column\">\n\t\t\t<div class=\"elementor-widget-wrap elementor-element-populated\">\n\t\t\t\t\t\t<div class=\"elementor-element elementor-element-c136f9c elementor-widget elementor-widget-heading\" data-id=\"c136f9c\" data-element_type=\"widget\" data-widget_type=\"heading.default\">\n\t\t\t\t<div class=\"elementor-widget-container\">\n\t\t\t\t\t<h2 class=\"elementor-heading-title elementor-size-default\">Guarda il trailer ufficiale!<\/h2>\t\t\t\t<\/div>\n\t\t\t\t<\/div>\n\t\t\t\t<div class=\"elementor-element elementor-element-e41ee12 elementor-widget elementor-widget-video\" data-id=\"e41ee12\" data-element_type=\"widget\" data-settings=\"{&quot;youtube_url&quot;:&quot;https:\\\/\\\/www.youtube.com\\\/watch?v=BfgtqMp0bbI&quot;,&quot;video_type&quot;:&quot;youtube&quot;,&quot;controls&quot;:&quot;yes&quot;}\" data-widget_type=\"video.default\">\n\t\t\t\t<div class=\"elementor-widget-container\">\n\t\t\t\t\t\t\t<div class=\"elementor-wrapper elementor-open-inline\">\n\t\t\t<div class=\"elementor-video\"><\/div>\t\t<\/div>\n\t\t\t\t\t\t<\/div>\n\t\t\t\t<\/div>\n\t\t\t\t\t<\/div>\n\t\t<\/div>\n\t\t\t\t\t<\/div>\n\t\t<\/section>\n\t\t\t\t<section class=\"elementor-section elementor-top-section elementor-element elementor-element-3c36e3c elementor-section-boxed elementor-section-height-default elementor-section-height-default\" data-id=\"3c36e3c\" data-element_type=\"section\" data-settings=\"{&quot;background_background&quot;:&quot;classic&quot;}\">\n\t\t\t\t\t\t<div class=\"elementor-container elementor-column-gap-default\">\n\t\t\t\t\t<div class=\"elementor-column elementor-col-100 elementor-top-column elementor-element elementor-element-055d272\" data-id=\"055d272\" data-element_type=\"column\">\n\t\t\t<div class=\"elementor-widget-wrap elementor-element-populated\">\n\t\t\t\t\t\t<div class=\"elementor-element elementor-element-34496e1 elementor-grid-4 elementor-posts--thumbnail-top elementor-grid-tablet-2 elementor-grid-mobile-1 elementor-widget elementor-widget-posts\" data-id=\"34496e1\" data-element_type=\"widget\" data-settings=\"{&quot;custom_columns&quot;:&quot;4&quot;,&quot;custom_row_gap&quot;:{&quot;unit&quot;:&quot;px&quot;,&quot;size&quot;:39,&quot;sizes&quot;:[]},&quot;custom_columns_tablet&quot;:&quot;2&quot;,&quot;custom_columns_mobile&quot;:&quot;1&quot;,&quot;custom_row_gap_tablet&quot;:{&quot;unit&quot;:&quot;px&quot;,&quot;size&quot;:&quot;&quot;,&quot;sizes&quot;:[]},&quot;custom_row_gap_mobile&quot;:{&quot;unit&quot;:&quot;px&quot;,&quot;size&quot;:&quot;&quot;,&quot;sizes&quot;:[]}}\" data-widget_type=\"posts.custom\">\n\t\t\t\t<div class=\"elementor-widget-container\">\n\t\t\t\t\t      <div class=\"ecs-posts elementor-posts-container elementor-posts   elementor-grid elementor-posts--skin-custom\" data-settings=\"{&quot;current_page&quot;:1,&quot;max_num_pages&quot;:1,&quot;load_method&quot;:&quot;&quot;,&quot;widget_id&quot;:&quot;34496e1&quot;,&quot;post_id&quot;:1506,&quot;theme_id&quot;:1506,&quot;change_url&quot;:false,&quot;reinit_js&quot;:false}\">\n      \t\t<article id=\"post-1495\" class=\"elementor-post elementor-grid-item ecs-post-loop post-1495 page type-page status-publish has-post-thumbnail hentry\">\n\t\t<div class=\"ecs-link-wrapper\" data-href=\"https:\/\/joederfilm.com\/it\/stampa\/\"   >\t\t<div data-elementor-type=\"loop\" data-elementor-id=\"968\" class=\"elementor elementor-968 post-1495 page type-page status-publish has-post-thumbnail hentry\" data-elementor-post-type=\"elementor_library\">\n\t\t\t\t\t<section class=\"elementor-section elementor-top-section elementor-element elementor-element-be52b02 elementor-section-boxed elementor-section-height-default elementor-section-height-default\" data-id=\"be52b02\" data-element_type=\"section\">\n\t\t\t\t\t\t<div class=\"elementor-container elementor-column-gap-default\">\n\t\t\t<style> @media {#post-1495 .elementor-968 .elementor-element.elementor-element-a21d4be:not(.elementor-motion-effects-element-type-background) > .elementor-widget-wrap, #post-1495 .elementor-968 .elementor-element.elementor-element-a21d4be > .elementor-widget-wrap > .elementor-motion-effects-container > .elementor-motion-effects-layer{background-image: url(\"https:\/\/joederfilm.com\/wp-content\/uploads\/2022\/04\/0K2A0659.jpg\");}}<\/style>\t\t<div class=\"elementor-column elementor-col-100 elementor-top-column elementor-element elementor-element-a21d4be\" data-id=\"a21d4be\" data-element_type=\"column\">\n\t\t\t<div class=\"elementor-widget-wrap elementor-element-populated\">\n\t\t\t\t\t\t<div class=\"elementor-element elementor-element-c196c99 elementor-widget elementor-widget-theme-post-featured-image elementor-widget-image\" data-id=\"c196c99\" data-element_type=\"widget\" data-widget_type=\"theme-post-featured-image.default\">\n\t\t\t\t<div class=\"elementor-widget-container\">\n\t\t\t\t\t\t\t\t\t\t\t\t\t\t\t<img fetchpriority=\"high\" decoding=\"async\" width=\"800\" height=\"534\" src=\"https:\/\/joederfilm.com\/wp-content\/uploads\/2022\/04\/0K2A0659-1024x683.jpg\" class=\"attachment-large size-large wp-image-1405\" alt=\"\" srcset=\"https:\/\/joederfilm.com\/wp-content\/uploads\/2022\/04\/0K2A0659-1024x683.jpg 1024w, https:\/\/joederfilm.com\/wp-content\/uploads\/2022\/04\/0K2A0659-300x200.jpg 300w, https:\/\/joederfilm.com\/wp-content\/uploads\/2022\/04\/0K2A0659-768x512.jpg 768w, https:\/\/joederfilm.com\/wp-content\/uploads\/2022\/04\/0K2A0659-1536x1024.jpg 1536w, https:\/\/joederfilm.com\/wp-content\/uploads\/2022\/04\/0K2A0659.jpg 1600w\" sizes=\"(max-width: 800px) 100vw, 800px\" \/>\t\t\t\t\t\t\t\t\t\t\t\t\t\t\t<\/div>\n\t\t\t\t<\/div>\n\t\t\t\t<div class=\"elementor-element elementor-element-053411b elementor-widget elementor-widget-heading\" data-id=\"053411b\" data-element_type=\"widget\" data-widget_type=\"heading.default\">\n\t\t\t\t<div class=\"elementor-widget-container\">\n\t\t\t\t\t<h3 class=\"elementor-heading-title elementor-size-default\"><a href=\"https:\/\/joederfilm.com\/it\/stampa\/\">Stampa<\/a><\/h3>\t\t\t\t<\/div>\n\t\t\t\t<\/div>\n\t\t\t\t\t<\/div>\n\t\t<\/div>\n\t\t\t\t\t<\/div>\n\t\t<\/section>\n\t\t\t\t<\/div>\n\t\t<\/div>\t\t<\/article>\n\t\t\t\t<article id=\"post-1497\" class=\"elementor-post elementor-grid-item ecs-post-loop post-1497 page type-page status-publish has-post-thumbnail hentry\">\n\t\t<div class=\"ecs-link-wrapper\" data-href=\"https:\/\/joederfilm.com\/it\/sponsor\/\"   >\t\t<div data-elementor-type=\"loop\" data-elementor-id=\"968\" class=\"elementor elementor-968 post-1497 page type-page status-publish has-post-thumbnail hentry\" data-elementor-post-type=\"elementor_library\">\n\t\t\t\t\t<section class=\"elementor-section elementor-top-section elementor-element elementor-element-be52b02 elementor-section-boxed elementor-section-height-default elementor-section-height-default\" data-id=\"be52b02\" data-element_type=\"section\">\n\t\t\t\t\t\t<div class=\"elementor-container elementor-column-gap-default\">\n\t\t\t<style> @media {#post-1497 .elementor-968 .elementor-element.elementor-element-a21d4be:not(.elementor-motion-effects-element-type-background) > .elementor-widget-wrap, #post-1497 .elementor-968 .elementor-element.elementor-element-a21d4be > .elementor-widget-wrap > .elementor-motion-effects-container > .elementor-motion-effects-layer{background-image: url(\"https:\/\/joederfilm.com\/wp-content\/uploads\/2022\/04\/Alfredo_pasquale.jpg\");}}<\/style>\t\t<div class=\"elementor-column elementor-col-100 elementor-top-column elementor-element elementor-element-a21d4be\" data-id=\"a21d4be\" data-element_type=\"column\">\n\t\t\t<div class=\"elementor-widget-wrap elementor-element-populated\">\n\t\t\t\t\t\t<div class=\"elementor-element elementor-element-c196c99 elementor-widget elementor-widget-theme-post-featured-image elementor-widget-image\" data-id=\"c196c99\" data-element_type=\"widget\" data-widget_type=\"theme-post-featured-image.default\">\n\t\t\t\t<div class=\"elementor-widget-container\">\n\t\t\t\t\t\t\t\t\t\t\t\t\t\t\t<img decoding=\"async\" width=\"800\" height=\"534\" src=\"https:\/\/joederfilm.com\/wp-content\/uploads\/2022\/04\/Alfredo_pasquale-1024x683.jpg\" class=\"attachment-large size-large wp-image-1426\" alt=\"\" srcset=\"https:\/\/joederfilm.com\/wp-content\/uploads\/2022\/04\/Alfredo_pasquale-1024x683.jpg 1024w, https:\/\/joederfilm.com\/wp-content\/uploads\/2022\/04\/Alfredo_pasquale-300x200.jpg 300w, https:\/\/joederfilm.com\/wp-content\/uploads\/2022\/04\/Alfredo_pasquale-768x512.jpg 768w, https:\/\/joederfilm.com\/wp-content\/uploads\/2022\/04\/Alfredo_pasquale-1536x1024.jpg 1536w, https:\/\/joederfilm.com\/wp-content\/uploads\/2022\/04\/Alfredo_pasquale.jpg 1800w\" sizes=\"(max-width: 800px) 100vw, 800px\" \/>\t\t\t\t\t\t\t\t\t\t\t\t\t\t\t<\/div>\n\t\t\t\t<\/div>\n\t\t\t\t<div class=\"elementor-element elementor-element-053411b elementor-widget elementor-widget-heading\" data-id=\"053411b\" data-element_type=\"widget\" data-widget_type=\"heading.default\">\n\t\t\t\t<div class=\"elementor-widget-container\">\n\t\t\t\t\t<h3 class=\"elementor-heading-title elementor-size-default\"><a href=\"https:\/\/joederfilm.com\/it\/sponsor\/\">Sponsor<\/a><\/h3>\t\t\t\t<\/div>\n\t\t\t\t<\/div>\n\t\t\t\t\t<\/div>\n\t\t<\/div>\n\t\t\t\t\t<\/div>\n\t\t<\/section>\n\t\t\t\t<\/div>\n\t\t<\/div>\t\t<\/article>\n\t\t\t\t<\/div>\n\t\t\t\t\t\t<\/div>\n\t\t\t\t<\/div>\n\t\t\t\t\t<\/div>\n\t\t<\/div>\n\t\t\t\t\t<\/div>\n\t\t<\/section>\n\t\t\t\t<\/div>\n\t\t","protected":false},"excerpt":{"rendered":"<p>JOE il Film! &#8220;Joe der Film&#8221;: il primo film comico altoatesino Numerosi fan in Alto Adige aspettavano questo momento! Finalmente \u00e8 arrivato il momento: &#8220;Joe von Afing&#8221; va al cinema! Per 24 giorni \u00e8 stato girato il primo lungometraggio comico altoatesino nel maggio 2022, da ottobre pu\u00f2 essere visto sul grande schermo. Il primo film [&hellip;]<\/p>\n","protected":false},"author":1,"featured_media":1402,"parent":0,"menu_order":0,"comment_status":"closed","ping_status":"closed","template":"elementor_header_footer","meta":{"_acf_changed":false,"footnotes":""},"class_list":["post-1506","page","type-page","status-publish","has-post-thumbnail","hentry"],"acf":[],"yoast_head":"<!-- This site is optimized with the Yoast SEO plugin v25.7 - https:\/\/yoast.com\/wordpress\/plugins\/seo\/ -->\n<title>Joe il Film \u2013 Lungometraggio con Thomas Hochkofler \u2013 Sito ufficiale<\/title>\n<meta name=\"description\" content=\"Joe il film! Molti fan in Alto Adige lo stavano aspettando! Tutte le informazioni sui biglietti e sulle date del tour sono disponibili qui.\" \/>\n<meta name=\"robots\" content=\"index, follow, max-snippet:-1, max-image-preview:large, max-video-preview:-1\" \/>\n<link rel=\"canonical\" href=\"https:\/\/joederfilm.com\/\" \/>\n<meta property=\"og:locale\" content=\"it_IT\" \/>\n<meta property=\"og:type\" content=\"article\" \/>\n<meta property=\"og:title\" content=\"Joe il Film \u2013 Lungometraggio con Thomas Hochkofler \u2013 Sito ufficiale\" \/>\n<meta property=\"og:description\" content=\"Joe il film! Molti fan in Alto Adige lo stavano aspettando! Tutte le informazioni sui biglietti e sulle date del tour sono disponibili qui.\" \/>\n<meta property=\"og:url\" content=\"https:\/\/joederfilm.com\/\" \/>\n<meta property=\"og:site_name\" content=\"Joe der Film\" \/>\n<meta property=\"article:modified_time\" content=\"2022-12-12T11:37:19+00:00\" \/>\n<meta property=\"og:image\" content=\"https:\/\/joederfilm.com\/wp-content\/uploads\/2022\/04\/0K2A0731.jpg\" \/>\n\t<meta property=\"og:image:width\" content=\"1920\" \/>\n\t<meta property=\"og:image:height\" content=\"1280\" \/>\n\t<meta property=\"og:image:type\" content=\"image\/jpeg\" \/>\n<meta name=\"twitter:card\" content=\"summary_large_image\" \/>\n<meta name=\"twitter:label1\" content=\"Tempo di lettura stimato\" \/>\n\t<meta name=\"twitter:data1\" content=\"2 minuti\" \/>\n<script type=\"application\/ld+json\" class=\"yoast-schema-graph\">{\"@context\":\"https:\/\/schema.org\",\"@graph\":[{\"@type\":\"WebPage\",\"@id\":\"https:\/\/joederfilm.com\/\",\"url\":\"https:\/\/joederfilm.com\/\",\"name\":\"Joe il Film \u2013 Lungometraggio con Thomas Hochkofler \u2013 Sito ufficiale\",\"isPartOf\":{\"@id\":\"https:\/\/joederfilm.com\/#website\"},\"primaryImageOfPage\":{\"@id\":\"https:\/\/joederfilm.com\/#primaryimage\"},\"image\":{\"@id\":\"https:\/\/joederfilm.com\/#primaryimage\"},\"thumbnailUrl\":\"https:\/\/joederfilm.com\/wp-content\/uploads\/2022\/04\/0K2A0731.jpg\",\"datePublished\":\"2022-06-24T07:35:27+00:00\",\"dateModified\":\"2022-12-12T11:37:19+00:00\",\"description\":\"Joe il film! Molti fan in Alto Adige lo stavano aspettando! Tutte le informazioni sui biglietti e sulle date del tour sono disponibili qui.\",\"breadcrumb\":{\"@id\":\"https:\/\/joederfilm.com\/#breadcrumb\"},\"inLanguage\":\"it-IT\",\"potentialAction\":[{\"@type\":\"ReadAction\",\"target\":[\"https:\/\/joederfilm.com\/\"]}]},{\"@type\":\"ImageObject\",\"inLanguage\":\"it-IT\",\"@id\":\"https:\/\/joederfilm.com\/#primaryimage\",\"url\":\"https:\/\/joederfilm.com\/wp-content\/uploads\/2022\/04\/0K2A0731.jpg\",\"contentUrl\":\"https:\/\/joederfilm.com\/wp-content\/uploads\/2022\/04\/0K2A0731.jpg\",\"width\":1920,\"height\":1280},{\"@type\":\"BreadcrumbList\",\"@id\":\"https:\/\/joederfilm.com\/#breadcrumb\",\"itemListElement\":[{\"@type\":\"ListItem\",\"position\":1,\"name\":\"Startseite\",\"item\":\"https:\/\/joederfilm.com\/\"},{\"@type\":\"ListItem\",\"position\":2,\"name\":\"Home\"}]},{\"@type\":\"WebSite\",\"@id\":\"https:\/\/joederfilm.com\/#website\",\"url\":\"https:\/\/joederfilm.com\/\",\"name\":\"Joe der Film\",\"description\":\"Darauf haben zahlreiche Fans in S\u00fcdtirol gewartet! Joe von Afing goes cinema!\",\"publisher\":{\"@id\":\"https:\/\/joederfilm.com\/#organization\"},\"potentialAction\":[{\"@type\":\"SearchAction\",\"target\":{\"@type\":\"EntryPoint\",\"urlTemplate\":\"https:\/\/joederfilm.com\/?s={search_term_string}\"},\"query-input\":{\"@type\":\"PropertyValueSpecification\",\"valueRequired\":true,\"valueName\":\"search_term_string\"}}],\"inLanguage\":\"it-IT\"},{\"@type\":\"Organization\",\"@id\":\"https:\/\/joederfilm.com\/#organization\",\"name\":\"Joe der Film\",\"url\":\"https:\/\/joederfilm.com\/\",\"logo\":{\"@type\":\"ImageObject\",\"inLanguage\":\"it-IT\",\"@id\":\"https:\/\/joederfilm.com\/#\/schema\/logo\/image\/\",\"url\":\"https:\/\/joederfilm.com\/wp-content\/uploads\/2022\/04\/JOE_Logo_Zeichenfla\u0308che-1-Kopie-8.png\",\"contentUrl\":\"https:\/\/joederfilm.com\/wp-content\/uploads\/2022\/04\/JOE_Logo_Zeichenfla\u0308che-1-Kopie-8.png\",\"width\":1522,\"height\":1302,\"caption\":\"Joe der Film\"},\"image\":{\"@id\":\"https:\/\/joederfilm.com\/#\/schema\/logo\/image\/\"}}]}<\/script>\n<!-- \/ Yoast SEO plugin. -->","yoast_head_json":{"title":"Joe il Film \u2013 Lungometraggio con Thomas Hochkofler \u2013 Sito ufficiale","description":"Joe il film! Molti fan in Alto Adige lo stavano aspettando! Tutte le informazioni sui biglietti e sulle date del tour sono disponibili qui.","robots":{"index":"index","follow":"follow","max-snippet":"max-snippet:-1","max-image-preview":"max-image-preview:large","max-video-preview":"max-video-preview:-1"},"canonical":"https:\/\/joederfilm.com\/","og_locale":"it_IT","og_type":"article","og_title":"Joe il Film \u2013 Lungometraggio con Thomas Hochkofler \u2013 Sito ufficiale","og_description":"Joe il film! Molti fan in Alto Adige lo stavano aspettando! Tutte le informazioni sui biglietti e sulle date del tour sono disponibili qui.","og_url":"https:\/\/joederfilm.com\/","og_site_name":"Joe der Film","article_modified_time":"2022-12-12T11:37:19+00:00","og_image":[{"width":1920,"height":1280,"url":"https:\/\/joederfilm.com\/wp-content\/uploads\/2022\/04\/0K2A0731.jpg","type":"image\/jpeg"}],"twitter_card":"summary_large_image","twitter_misc":{"Tempo di lettura stimato":"2 minuti"},"schema":{"@context":"https:\/\/schema.org","@graph":[{"@type":"WebPage","@id":"https:\/\/joederfilm.com\/","url":"https:\/\/joederfilm.com\/","name":"Joe il Film \u2013 Lungometraggio con Thomas Hochkofler \u2013 Sito ufficiale","isPartOf":{"@id":"https:\/\/joederfilm.com\/#website"},"primaryImageOfPage":{"@id":"https:\/\/joederfilm.com\/#primaryimage"},"image":{"@id":"https:\/\/joederfilm.com\/#primaryimage"},"thumbnailUrl":"https:\/\/joederfilm.com\/wp-content\/uploads\/2022\/04\/0K2A0731.jpg","datePublished":"2022-06-24T07:35:27+00:00","dateModified":"2022-12-12T11:37:19+00:00","description":"Joe il film! Molti fan in Alto Adige lo stavano aspettando! Tutte le informazioni sui biglietti e sulle date del tour sono disponibili qui.","breadcrumb":{"@id":"https:\/\/joederfilm.com\/#breadcrumb"},"inLanguage":"it-IT","potentialAction":[{"@type":"ReadAction","target":["https:\/\/joederfilm.com\/"]}]},{"@type":"ImageObject","inLanguage":"it-IT","@id":"https:\/\/joederfilm.com\/#primaryimage","url":"https:\/\/joederfilm.com\/wp-content\/uploads\/2022\/04\/0K2A0731.jpg","contentUrl":"https:\/\/joederfilm.com\/wp-content\/uploads\/2022\/04\/0K2A0731.jpg","width":1920,"height":1280},{"@type":"BreadcrumbList","@id":"https:\/\/joederfilm.com\/#breadcrumb","itemListElement":[{"@type":"ListItem","position":1,"name":"Startseite","item":"https:\/\/joederfilm.com\/"},{"@type":"ListItem","position":2,"name":"Home"}]},{"@type":"WebSite","@id":"https:\/\/joederfilm.com\/#website","url":"https:\/\/joederfilm.com\/","name":"Joe der Film","description":"Darauf haben zahlreiche Fans in S\u00fcdtirol gewartet! Joe von Afing goes cinema!","publisher":{"@id":"https:\/\/joederfilm.com\/#organization"},"potentialAction":[{"@type":"SearchAction","target":{"@type":"EntryPoint","urlTemplate":"https:\/\/joederfilm.com\/?s={search_term_string}"},"query-input":{"@type":"PropertyValueSpecification","valueRequired":true,"valueName":"search_term_string"}}],"inLanguage":"it-IT"},{"@type":"Organization","@id":"https:\/\/joederfilm.com\/#organization","name":"Joe der Film","url":"https:\/\/joederfilm.com\/","logo":{"@type":"ImageObject","inLanguage":"it-IT","@id":"https:\/\/joederfilm.com\/#\/schema\/logo\/image\/","url":"https:\/\/joederfilm.com\/wp-content\/uploads\/2022\/04\/JOE_Logo_Zeichenfla\u0308che-1-Kopie-8.png","contentUrl":"https:\/\/joederfilm.com\/wp-content\/uploads\/2022\/04\/JOE_Logo_Zeichenfla\u0308che-1-Kopie-8.png","width":1522,"height":1302,"caption":"Joe der Film"},"image":{"@id":"https:\/\/joederfilm.com\/#\/schema\/logo\/image\/"}}]}},"_links":{"self":[{"href":"https:\/\/joederfilm.com\/it\/wp-json\/wp\/v2\/pages\/1506","targetHints":{"allow":["GET"]}}],"collection":[{"href":"https:\/\/joederfilm.com\/it\/wp-json\/wp\/v2\/pages"}],"about":[{"href":"https:\/\/joederfilm.com\/it\/wp-json\/wp\/v2\/types\/page"}],"author":[{"embeddable":true,"href":"https:\/\/joederfilm.com\/it\/wp-json\/wp\/v2\/users\/1"}],"replies":[{"embeddable":true,"href":"https:\/\/joederfilm.com\/it\/wp-json\/wp\/v2\/comments?post=1506"}],"version-history":[{"count":7,"href":"https:\/\/joederfilm.com\/it\/wp-json\/wp\/v2\/pages\/1506\/revisions"}],"predecessor-version":[{"id":1537,"href":"https:\/\/joederfilm.com\/it\/wp-json\/wp\/v2\/pages\/1506\/revisions\/1537"}],"wp:featuredmedia":[{"embeddable":true,"href":"https:\/\/joederfilm.com\/it\/wp-json\/wp\/v2\/media\/1402"}],"wp:attachment":[{"href":"https:\/\/joederfilm.com\/it\/wp-json\/wp\/v2\/media?parent=1506"}],"curies":[{"name":"wp","href":"https:\/\/api.w.org\/{rel}","templated":true}]}}